{"id":3166,"date":"2023-09-05T15:05:47","date_gmt":"2023-09-05T13:05:47","guid":{"rendered":"https:\/\/montaltmar.com\/accesibilidad\/"},"modified":"2023-09-12T07:53:01","modified_gmt":"2023-09-12T05:53:01","slug":"accesibilidad","status":"publish","type":"page","link":"https:\/\/montaltmar.com\/es\/accesibilidad\/","title":{"rendered":"Accesibilidad"},"content":{"rendered":"\t\t<div data-elementor-type=\"wp-page\" data-elementor-id=\"3166\" class=\"elementor elementor-3166 elementor-2808\" data-elementor-post-type=\"page\">\n\t\t\t\t\t\t<section class=\"elementor-section elementor-top-section elementor-element elementor-element-d099650 elementor-section-height-min-height cs-section-content-fullwidth cs-parallax-on-scroll cs_scroll_y_80 elementor-section-boxed elementor-section-height-default elementor-section-items-middle\" data-id=\"d099650\" data-element_type=\"section\" data-settings=\"{&quot;background_background&quot;:&quot;classic&quot;}\" data-cs-parallax-y=\"80\" style=\"background-image: none;\" data-cs-background-image=\"https:\/\/montaltmar.com\/wp-content\/uploads\/2023\/09\/MG_0649-1.jpg\">\n\t\t\t\t\t\t\t<div class=\"elementor-background-overlay\"><\/div>\n\t\t\t\t\t\t\t<div class=\"elementor-container elementor-column-gap-no\">\n\t\t\t\t\t<div class=\"elementor-column elementor-col-100 elementor-top-column elementor-element elementor-element-46928df7 dark-color\" data-id=\"46928df7\" data-element_type=\"column\">\n\t\t\t<div class=\"elementor-widget-wrap elementor-element-populated\">\n\t\t\t\t\t\t<div class=\"elementor-element elementor-element-2b8f8104 elementor-widget elementor-widget-cs_title\" data-id=\"2b8f8104\" data-element_type=\"widget\" data-widget_type=\"cs_title.default\">\n\t\t\t\t<div class=\"elementor-widget-container\">\n\t\t\t\n        <div class=\"cs-title-wrap text-center\">\t            <h1 class=\"cs-title\">\n\t                Accesibillidad\t            <\/h1>        <\/div>\t\t<\/div>\n\t\t\t\t<\/div>\n\t\t\t\t\t<\/div>\n\t\t<\/div>\n\t\t\t\t\t<\/div>\n\t\t<\/section>\n\t\t\t\t<section class=\"elementor-section elementor-top-section elementor-element elementor-element-262edeb1 cs-section-content-fullwidth elementor-section-boxed elementor-section-height-default elementor-section-height-default\" data-id=\"262edeb1\" data-element_type=\"section\" data-settings=\"{&quot;background_background&quot;:&quot;classic&quot;}\">\n\t\t\t\t\t\t<div class=\"elementor-container elementor-column-gap-no\">\n\t\t\t\t\t<div class=\"elementor-column elementor-col-100 elementor-top-column elementor-element elementor-element-3c0c450\" data-id=\"3c0c450\" data-element_type=\"column\">\n\t\t\t<div class=\"elementor-widget-wrap elementor-element-populated\">\n\t\t\t\t\t\t<div class=\"elementor-element elementor-element-6739adf elementor-widget elementor-widget-text-editor\" data-id=\"6739adf\" data-element_type=\"widget\" data-widget_type=\"text-editor.default\">\n\t\t\t\t<div class=\"elementor-widget-container\">\n\t\t\t\t\t\t\t<p>Queremos que todo el mundo que visite la web de Hotel Montaltmar se sienta bienvenido y encuentre la experiencia gratificante.<\/p>\n<p>\u00bfQu\u00e9 estamos haciendo?<br \/>Para ayudarnos a hacer de la web de Hotel Montaltmar un sitio positivo para todos, hemos estado utilizando las Directrices de accesibilidad al contenido web (WCAG) 2.1. Estas directrices explican c\u00f3mo hacer que el contenido web sea m\u00e1s accesible para personas con discapacidad y f\u00e1cil de utilizar para todos.<\/p>\n<p>Las directrices tienen tres niveles de accesibilidad (A, AA y AAA). Hemos escogido el nivel AA como objetivo de la web de Hotel Montaltmar.<\/p>\n<p>\u00bfC\u00f3mo lo hacemos?<br \/>Hemos trabajado mucho en la web de Hotel Montaltmar y creemos que hemos logrado nuestro objetivo de accesibilidad de nivel AA. Supervisamos el sitio web peri\u00f3dicamente para mantenerlo, pero si encuentra alg\u00fan problema, p\u00f3ngase en contacto.<\/p>\n<p>H\u00e1ganos saber qu\u00e9 le parece<br \/>Si le ha gustado utilizar la web de Hotel Montaltmar, o si ha tenido problemas con alguna parte de ella, p\u00f3ngase en contacto. Nos gustar\u00eda recibir noticias suyas de cualquiera de las siguientes formas:<\/p>\n<p>env\u00edanos un correo electr\u00f3nico a info@montaltmar.com<br \/>ll\u00e1manos al 93.791.10.17<br \/>ponte en contacto en https:\/\/www.montaltmar.com\/contacto<\/p>\n\t\t\t\t\t\t<\/div>\n\t\t\t\t<\/div>\n\t\t\t\t\t<\/div>\n\t\t<\/div>\n\t\t\t\t\t<\/div>\n\t\t<\/section>\n\t\t\t\t<\/div>\n\t\t","protected":false},"excerpt":{"rendered":"<p>Accesibillidad Queremos que todo el mundo que visite la web de Hotel Montaltmar se sienta bienvenido y encuentre la experiencia gratificante. \u00bfQu\u00e9 estamos haciendo?Para ayudarnos a hacer de la web de Hotel Montaltmar un sitio positivo para todos, hemos estado utilizando las Directrices de accesibilidad al contenido web (WCAG) 2.1. Estas directrices explican c\u00f3mo hacer &#8230;<\/p>\n","protected":false},"author":1,"featured_media":0,"parent":0,"menu_order":0,"comment_status":"closed","ping_status":"closed","template":"template-wide-content.php","meta":{"cozystay_single_page_hide_site_header":"","cozystay_single_page_site_header_source":"","cozystay_single_page_custom_site_header":"0","cozystay_single_page_custom_sticky_site_header":"0","cozystay_single_page_hide_page_title":"on","cozystay_single_page_header_section_size":"","cozystay_single_page_header_background_color":"","cozystay_single_page_header_background_position_x":"center","cozystay_single_page_header_background_position_y":"center","cozystay_single_page_header_background_size":"cover","cozystay_single_page_header_background_repeat":"off","cozystay_single_page_header_background_scroll":"on","cozystay_single_page_header_text_color":"","cozystay_single_page_header_show_breadcrumb":"","cozystay_single_page_site_footer_hide_main":"","cozystay_single_custom_site_footer_main_source":"","cozystay_single_custom_site_footer_main":"0","cozystay_single_page_site_footer_hide_above":"","cozystay_single_custom_site_footer_above_source":"","cozystay_single_custom_site_footer_above":"0","cozystay_single_page_site_footer_hide_instagram":"","cozystay_single_page_site_footer_hide_bottom":"","cozystay_single_custom_mobile_menu_source":"","cozystay_single_custom_mobile_menu":"0","cozystay_single_custom_mobile_menu_animation":"","cozystay_single_custom_mobile_menu_width":"","cozystay_single_custom_mobile_menu_custom_width":375,"footnotes":""},"class_list":["post-3166","page","type-page","status-publish","hentry"],"yoast_head":"<!-- This site is optimized with the Yoast SEO plugin v23.4 - https:\/\/yoast.com\/wordpress\/plugins\/seo\/ -->\n<title>Accesibilidad - Hotel - Restaurant Montaltmar<\/title>\n<meta name=\"robots\" content=\"index, follow, max-snippet:-1, max-image-preview:large, max-video-preview:-1\" \/>\n<link rel=\"canonical\" href=\"https:\/\/montaltmar.com\/es\/accesibilidad\/\" \/>\n<meta property=\"og:locale\" content=\"es_ES\" \/>\n<meta property=\"og:type\" content=\"article\" \/>\n<meta property=\"og:title\" content=\"Accesibilidad - Hotel - Restaurant Montaltmar\" \/>\n<meta property=\"og:description\" content=\"Accesibillidad Queremos que todo el mundo que visite la web de Hotel Montaltmar se sienta bienvenido y encuentre la experiencia gratificante. \u00bfQu\u00e9 estamos haciendo?Para ayudarnos a hacer de la web de Hotel Montaltmar un sitio positivo para todos, hemos estado utilizando las Directrices de accesibilidad al contenido web (WCAG) 2.1. Estas directrices explican c\u00f3mo hacer ...\" \/>\n<meta property=\"og:url\" content=\"https:\/\/montaltmar.com\/es\/accesibilidad\/\" \/>\n<meta property=\"og:site_name\" content=\"Hotel - Restaurant Montaltmar\" \/>\n<meta property=\"article:modified_time\" content=\"2023-09-12T05:53:01+00:00\" \/>\n<meta name=\"twitter:card\" content=\"summary_large_image\" \/>\n<meta name=\"twitter:label1\" content=\"Tiempo de lectura\" \/>\n\t<meta name=\"twitter:data1\" content=\"1 minuto\" \/>\n<script type=\"application\/ld+json\" class=\"yoast-schema-graph\">{\"@context\":\"https:\/\/schema.org\",\"@graph\":[{\"@type\":\"WebPage\",\"@id\":\"https:\/\/montaltmar.com\/es\/accesibilidad\/\",\"url\":\"https:\/\/montaltmar.com\/es\/accesibilidad\/\",\"name\":\"Accesibilidad - Hotel - Restaurant Montaltmar\",\"isPartOf\":{\"@id\":\"https:\/\/montaltmar.com\/es\/#website\"},\"datePublished\":\"2023-09-05T13:05:47+00:00\",\"dateModified\":\"2023-09-12T05:53:01+00:00\",\"breadcrumb\":{\"@id\":\"https:\/\/montaltmar.com\/es\/accesibilidad\/#breadcrumb\"},\"inLanguage\":\"es\",\"potentialAction\":[{\"@type\":\"ReadAction\",\"target\":[\"https:\/\/montaltmar.com\/es\/accesibilidad\/\"]}]},{\"@type\":\"BreadcrumbList\",\"@id\":\"https:\/\/montaltmar.com\/es\/accesibilidad\/#breadcrumb\",\"itemListElement\":[{\"@type\":\"ListItem\",\"position\":1,\"name\":\"Portada\",\"item\":\"https:\/\/montaltmar.com\/es\/\"},{\"@type\":\"ListItem\",\"position\":2,\"name\":\"Accesibilidad\"}]},{\"@type\":\"WebSite\",\"@id\":\"https:\/\/montaltmar.com\/es\/#website\",\"url\":\"https:\/\/montaltmar.com\/es\/\",\"name\":\"Hotel - Restaurant Montaltmar\",\"description\":\"\",\"publisher\":{\"@id\":\"https:\/\/montaltmar.com\/es\/#organization\"},\"potentialAction\":[{\"@type\":\"SearchAction\",\"target\":{\"@type\":\"EntryPoint\",\"urlTemplate\":\"https:\/\/montaltmar.com\/es\/?s={search_term_string}\"},\"query-input\":{\"@type\":\"PropertyValueSpecification\",\"valueRequired\":true,\"valueName\":\"search_term_string\"}}],\"inLanguage\":\"es\"},{\"@type\":\"Organization\",\"@id\":\"https:\/\/montaltmar.com\/es\/#organization\",\"name\":\"Hotel - Restaurant Montaltmar\",\"url\":\"https:\/\/montaltmar.com\/es\/\",\"logo\":{\"@type\":\"ImageObject\",\"inLanguage\":\"es\",\"@id\":\"https:\/\/montaltmar.com\/es\/#\/schema\/logo\/image\/\",\"url\":\"https:\/\/montaltmar.com\/wp-content\/uploads\/2023\/08\/logo-1.png\",\"contentUrl\":\"https:\/\/montaltmar.com\/wp-content\/uploads\/2023\/08\/logo-1.png\",\"width\":315,\"height\":67,\"caption\":\"Hotel - Restaurant Montaltmar\"},\"image\":{\"@id\":\"https:\/\/montaltmar.com\/es\/#\/schema\/logo\/image\/\"}}]}<\/script>\n<!-- \/ Yoast SEO plugin. -->","yoast_head_json":{"title":"Accesibilidad - Hotel - Restaurant Montaltmar","robots":{"index":"index","follow":"follow","max-snippet":"max-snippet:-1","max-image-preview":"max-image-preview:large","max-video-preview":"max-video-preview:-1"},"canonical":"https:\/\/montaltmar.com\/es\/accesibilidad\/","og_locale":"es_ES","og_type":"article","og_title":"Accesibilidad - Hotel - Restaurant Montaltmar","og_description":"Accesibillidad Queremos que todo el mundo que visite la web de Hotel Montaltmar se sienta bienvenido y encuentre la experiencia gratificante. \u00bfQu\u00e9 estamos haciendo?Para ayudarnos a hacer de la web de Hotel Montaltmar un sitio positivo para todos, hemos estado utilizando las Directrices de accesibilidad al contenido web (WCAG) 2.1. Estas directrices explican c\u00f3mo hacer ...","og_url":"https:\/\/montaltmar.com\/es\/accesibilidad\/","og_site_name":"Hotel - Restaurant Montaltmar","article_modified_time":"2023-09-12T05:53:01+00:00","twitter_card":"summary_large_image","twitter_misc":{"Tiempo de lectura":"1 minuto"},"schema":{"@context":"https:\/\/schema.org","@graph":[{"@type":"WebPage","@id":"https:\/\/montaltmar.com\/es\/accesibilidad\/","url":"https:\/\/montaltmar.com\/es\/accesibilidad\/","name":"Accesibilidad - Hotel - Restaurant Montaltmar","isPartOf":{"@id":"https:\/\/montaltmar.com\/es\/#website"},"datePublished":"2023-09-05T13:05:47+00:00","dateModified":"2023-09-12T05:53:01+00:00","breadcrumb":{"@id":"https:\/\/montaltmar.com\/es\/accesibilidad\/#breadcrumb"},"inLanguage":"es","potentialAction":[{"@type":"ReadAction","target":["https:\/\/montaltmar.com\/es\/accesibilidad\/"]}]},{"@type":"BreadcrumbList","@id":"https:\/\/montaltmar.com\/es\/accesibilidad\/#breadcrumb","itemListElement":[{"@type":"ListItem","position":1,"name":"Portada","item":"https:\/\/montaltmar.com\/es\/"},{"@type":"ListItem","position":2,"name":"Accesibilidad"}]},{"@type":"WebSite","@id":"https:\/\/montaltmar.com\/es\/#website","url":"https:\/\/montaltmar.com\/es\/","name":"Hotel - Restaurant Montaltmar","description":"","publisher":{"@id":"https:\/\/montaltmar.com\/es\/#organization"},"potentialAction":[{"@type":"SearchAction","target":{"@type":"EntryPoint","urlTemplate":"https:\/\/montaltmar.com\/es\/?s={search_term_string}"},"query-input":{"@type":"PropertyValueSpecification","valueRequired":true,"valueName":"search_term_string"}}],"inLanguage":"es"},{"@type":"Organization","@id":"https:\/\/montaltmar.com\/es\/#organization","name":"Hotel - Restaurant Montaltmar","url":"https:\/\/montaltmar.com\/es\/","logo":{"@type":"ImageObject","inLanguage":"es","@id":"https:\/\/montaltmar.com\/es\/#\/schema\/logo\/image\/","url":"https:\/\/montaltmar.com\/wp-content\/uploads\/2023\/08\/logo-1.png","contentUrl":"https:\/\/montaltmar.com\/wp-content\/uploads\/2023\/08\/logo-1.png","width":315,"height":67,"caption":"Hotel - Restaurant Montaltmar"},"image":{"@id":"https:\/\/montaltmar.com\/es\/#\/schema\/logo\/image\/"}}]}},"_links":{"self":[{"href":"https:\/\/montaltmar.com\/es\/wp-json\/wp\/v2\/pages\/3166","targetHints":{"allow":["GET"]}}],"collection":[{"href":"https:\/\/montaltmar.com\/es\/wp-json\/wp\/v2\/pages"}],"about":[{"href":"https:\/\/montaltmar.com\/es\/wp-json\/wp\/v2\/types\/page"}],"author":[{"embeddable":true,"href":"https:\/\/montaltmar.com\/es\/wp-json\/wp\/v2\/users\/1"}],"replies":[{"embeddable":true,"href":"https:\/\/montaltmar.com\/es\/wp-json\/wp\/v2\/comments?post=3166"}],"version-history":[{"count":8,"href":"https:\/\/montaltmar.com\/es\/wp-json\/wp\/v2\/pages\/3166\/revisions"}],"predecessor-version":[{"id":3461,"href":"https:\/\/montaltmar.com\/es\/wp-json\/wp\/v2\/pages\/3166\/revisions\/3461"}],"wp:attachment":[{"href":"https:\/\/montaltmar.com\/es\/wp-json\/wp\/v2\/media?parent=3166"}],"curies":[{"name":"wp","href":"https:\/\/api.w.org\/{rel}","templated":true}]}}