{"id":3272,"date":"2023-04-24T04:44:41","date_gmt":"2023-04-24T02:44:41","guid":{"rendered":"https:\/\/montaltmar.com\/contacte\/"},"modified":"2023-09-15T08:05:33","modified_gmt":"2023-09-15T06:05:33","slug":"contacto","status":"publish","type":"page","link":"https:\/\/montaltmar.com\/es\/contacto\/","title":{"rendered":"Contacto"},"content":{"rendered":"\t\t<div data-elementor-type=\"wp-page\" data-elementor-id=\"3272\" class=\"elementor elementor-3272 elementor-2494\" data-elementor-post-type=\"page\">\n\t\t\t\t\t\t<section class=\"elementor-section elementor-top-section elementor-element elementor-element-3721c029 elementor-section-height-min-height cs-section-content-fullwidth cs-parallax-on-scroll cs_scroll_y_80 elementor-section-boxed elementor-section-height-default elementor-section-items-middle\" data-id=\"3721c029\" data-element_type=\"section\" data-settings=\"{&quot;background_background&quot;:&quot;classic&quot;}\" data-cs-parallax-y=\"80\" style=\"background-image: none;\" data-cs-background-image=\"https:\/\/montaltmar.com\/wp-content\/uploads\/2023\/09\/MG_0201-1.jpg\">\n\t\t\t\t\t\t<div class=\"elementor-container elementor-column-gap-no\">\n\t\t\t\t\t<div class=\"elementor-column elementor-col-100 elementor-top-column elementor-element elementor-element-1dd27aea dark-color\" data-id=\"1dd27aea\" data-element_type=\"column\">\n\t\t\t<div class=\"elementor-widget-wrap elementor-element-populated\">\n\t\t\t\t\t\t<div class=\"elementor-element elementor-element-510107fc elementor-widget elementor-widget-cs_title\" data-id=\"510107fc\" data-element_type=\"widget\" data-widget_type=\"cs_title.default\">\n\t\t\t\t<div class=\"elementor-widget-container\">\n\t\t\t\n        <div class=\"cs-title-wrap text-center\">\t            <h1 class=\"cs-title\">\n\t                Contacto\t            <\/h1>\t            <div class=\"cs-title-text\">\n\t                <p>Para consultas, ll\u00e1manos o escr\u00edbenos.<\/p>\t            <\/div>        <\/div>\t\t<\/div>\n\t\t\t\t<\/div>\n\t\t\t\t\t<\/div>\n\t\t<\/div>\n\t\t\t\t\t<\/div>\n\t\t<\/section>\n\t\t\t\t<section class=\"elementor-section elementor-top-section elementor-element elementor-element-075d68b elementor-section-boxed elementor-section-height-default elementor-section-height-default elementor-invisible\" data-id=\"075d68b\" data-element_type=\"section\" data-settings=\"{&quot;background_background&quot;:&quot;classic&quot;,&quot;animation&quot;:&quot;fadeIn&quot;,&quot;animation_delay&quot;:150}\">\n\t\t\t\t\t\t<div class=\"elementor-container elementor-column-gap-no\">\n\t\t\t\t\t<div class=\"elementor-column elementor-col-50 elementor-top-column elementor-element elementor-element-1a4680f\" data-id=\"1a4680f\" data-element_type=\"column\" data-settings=\"{&quot;background_background&quot;:&quot;classic&quot;}\">\n\t\t\t<div class=\"elementor-widget-wrap elementor-element-populated\">\n\t\t\t\t\t\t<div class=\"elementor-element elementor-element-446df4b elementor-widget elementor-widget-spacer\" data-id=\"446df4b\" data-element_type=\"widget\" data-widget_type=\"spacer.default\">\n\t\t\t\t<div class=\"elementor-widget-container\">\n\t\t\t\t\t<div class=\"elementor-spacer\">\n\t\t\t<div class=\"elementor-spacer-inner\"><\/div>\n\t\t<\/div>\n\t\t\t\t<\/div>\n\t\t\t\t<\/div>\n\t\t\t\t\t<\/div>\n\t\t<\/div>\n\t\t\t\t<div class=\"elementor-column elementor-col-50 elementor-top-column elementor-element elementor-element-4e0a982\" data-id=\"4e0a982\" data-element_type=\"column\" data-settings=\"{&quot;background_background&quot;:&quot;classic&quot;}\">\n\t\t\t<div class=\"elementor-widget-wrap elementor-element-populated\">\n\t\t\t\t\t\t<div class=\"elementor-element elementor-element-8ff0c70 elementor-widget elementor-widget-cs_title\" data-id=\"8ff0c70\" data-element_type=\"widget\" data-widget_type=\"cs_title.default\">\n\t\t\t\t<div class=\"elementor-widget-container\">\n\t\t\t\n        <div class=\"cs-title-wrap text-center\">\t            <h4 class=\"cs-title\">\n\t                Contacta con nosotros\t            <\/h4>\t            <div class=\"cs-title-text\">\n\t                <p>Estamos aqu\u00ed para resolver todas tus preguntas y peticiones.<\/p>\t            <\/div>        <\/div>\t\t<\/div>\n\t\t\t\t<\/div>\n\t\t\t\t<div class=\"elementor-element elementor-element-0cf5474 elementor-button-align-stretch elementor-widget elementor-widget-form\" data-id=\"0cf5474\" data-element_type=\"widget\" data-settings=\"{&quot;step_next_label&quot;:&quot;Anterior&quot;,&quot;step_previous_label&quot;:&quot;Seg\\u00fcent&quot;,&quot;button_width&quot;:&quot;100&quot;,&quot;step_type&quot;:&quot;number_text&quot;,&quot;step_icon_shape&quot;:&quot;circle&quot;}\" data-widget_type=\"form.default\">\n\t\t\t\t<div class=\"elementor-widget-container\">\n\t\t\t\t\t<form class=\"elementor-form\" method=\"post\" name=\"New Form\">\n\t\t\t<input type=\"hidden\" name=\"post_id\" value=\"3272\"\/>\n\t\t\t<input type=\"hidden\" name=\"form_id\" value=\"0cf5474\"\/>\n\t\t\t<input type=\"hidden\" name=\"referer_title\" value=\"Hotel &#8211; Restaurant Montaltmar\" \/>\n\n\t\t\t\n\t\t\t<div class=\"elementor-form-fields-wrapper elementor-labels-above\">\n\t\t\t\t\t\t\t\t<div class=\"elementor-field-type-text elementor-field-group elementor-column elementor-field-group-name elementor-col-100\">\n\t\t\t\t\t\t\t\t\t\t\t\t<label for=\"form-field-name\" class=\"elementor-field-label\">\n\t\t\t\t\t\t\t\tNombre\t\t\t\t\t\t\t<\/label>\n\t\t\t\t\t\t\t\t\t\t\t\t\t\t<input size=\"1\" type=\"text\" name=\"form_fields[name]\" id=\"form-field-name\" class=\"elementor-field elementor-size-sm  elementor-field-textual\">\n\t\t\t\t\t\t\t\t\t\t\t<\/div>\n\t\t\t\t\t\t\t\t<div class=\"elementor-field-type-email elementor-field-group elementor-column elementor-field-group-email elementor-col-100 elementor-field-required\">\n\t\t\t\t\t\t\t\t\t\t\t\t<label for=\"form-field-email\" class=\"elementor-field-label\">\n\t\t\t\t\t\t\t\tE-mail\t\t\t\t\t\t\t<\/label>\n\t\t\t\t\t\t\t\t\t\t\t\t\t\t<input size=\"1\" type=\"email\" name=\"form_fields[email]\" id=\"form-field-email\" class=\"elementor-field elementor-size-sm  elementor-field-textual\" required=\"required\" aria-required=\"true\">\n\t\t\t\t\t\t\t\t\t\t\t<\/div>\n\t\t\t\t\t\t\t\t<div class=\"elementor-field-type-text elementor-field-group elementor-column elementor-field-group-field_bda8643 elementor-col-100\">\n\t\t\t\t\t\t\t\t\t\t\t\t<label for=\"form-field-field_bda8643\" class=\"elementor-field-label\">\n\t\t\t\t\t\t\t\tAsunto\t\t\t\t\t\t\t<\/label>\n\t\t\t\t\t\t\t\t\t\t\t\t\t\t<input size=\"1\" type=\"text\" name=\"form_fields[field_bda8643]\" id=\"form-field-field_bda8643\" class=\"elementor-field elementor-size-sm  elementor-field-textual\">\n\t\t\t\t\t\t\t\t\t\t\t<\/div>\n\t\t\t\t\t\t\t\t<div class=\"elementor-field-type-textarea elementor-field-group elementor-column elementor-field-group-message elementor-col-100\">\n\t\t\t\t\t\t\t\t\t\t\t\t<label for=\"form-field-message\" class=\"elementor-field-label\">\n\t\t\t\t\t\t\t\tMensaje\t\t\t\t\t\t\t<\/label>\n\t\t\t\t\t\t<textarea class=\"elementor-field-textual elementor-field  elementor-size-sm\" name=\"form_fields[message]\" id=\"form-field-message\" rows=\"5\"><\/textarea>\t\t\t\t<\/div>\n\t\t\t\t\t\t\t\t<div class=\"elementor-field-type-acceptance elementor-field-group elementor-column elementor-field-group-field_3fe9128 elementor-col-100\">\n\t\t\t\t\t\t\t<div class=\"elementor-field-subgroup\">\n\t\t\t<span class=\"elementor-field-option\">\n\t\t\t\t<input type=\"checkbox\" name=\"form_fields[field_3fe9128]\" id=\"form-field-field_3fe9128\" class=\"elementor-field elementor-size-sm  elementor-acceptance-field\">\n\t\t\t\t<label for=\"form-field-field_3fe9128\">He le\u00eddo y acepto la <a href=\"https:\/\/montaltmar.com\/es\/politica-de-privacidad\" target=\"_blank\">pol\u00edtica de privacidad<\/a><\/label>\t\t\t<\/span>\n\t\t<\/div>\n\t\t\t\t\t\t<\/div>\n\t\t\t\t\t\t\t\t<div class=\"elementor-field-type-recaptcha_v3 elementor-field-group elementor-column elementor-field-group-field_064b9d4 elementor-col-100 recaptcha_v3-bottomright\">\n\t\t\t\t\t<div class=\"elementor-field\" id=\"form-field-field_064b9d4\"><div class=\"elementor-g-recaptcha\" data-sitekey=\"6LdxrhsoAAAAAGzm2hVz77S3CPFCesMzigvpGhj9\" data-type=\"v3\" data-action=\"Form\" data-badge=\"bottomright\" data-size=\"invisible\"><\/div><\/div>\t\t\t\t<\/div>\n\t\t\t\t\t\t\t\t<div class=\"elementor-field-group elementor-column elementor-field-type-submit elementor-col-100 e-form__buttons\">\n\t\t\t\t\t<button type=\"submit\" class=\"elementor-button elementor-size-sm\">\n\t\t\t\t\t\t<span >\n\t\t\t\t\t\t\t\t\t\t\t\t\t\t\t<span class=\" elementor-button-icon\">\n\t\t\t\t\t\t\t\t\t\t\t\t\t\t\t\t\t\t\t\t\t\t\t\t\t\t<\/span>\n\t\t\t\t\t\t\t\t\t\t\t\t\t\t\t\t\t\t\t\t\t\t<span class=\"elementor-button-text\">Enviar<\/span>\n\t\t\t\t\t\t\t\t\t\t\t\t\t<\/span>\n\t\t\t\t\t<\/button>\n\t\t\t\t<\/div>\n\t\t\t<\/div>\n\t\t<\/form>\n\t\t\t\t<\/div>\n\t\t\t\t<\/div>\n\t\t\t\t\t<\/div>\n\t\t<\/div>\n\t\t\t\t\t<\/div>\n\t\t<\/section>\n\t\t\t\t<section class=\"elementor-section elementor-top-section elementor-element elementor-element-86191c5 cs-animation-small-offset elementor-section-boxed elementor-section-height-default elementor-section-height-default elementor-invisible\" data-id=\"86191c5\" data-element_type=\"section\" data-settings=\"{&quot;animation&quot;:&quot;fadeInUp&quot;,&quot;animation_delay&quot;:150}\">\n\t\t\t\t\t\t<div class=\"elementor-container elementor-column-gap-default\">\n\t\t\t\t\t<div class=\"elementor-column elementor-col-50 elementor-top-column elementor-element elementor-element-33b28b2\" data-id=\"33b28b2\" data-element_type=\"column\">\n\t\t\t<div class=\"elementor-widget-wrap elementor-element-populated\">\n\t\t\t\t\t\t<div class=\"elementor-element elementor-element-7f10965 elementor-widget elementor-widget-cs_title\" data-id=\"7f10965\" data-element_type=\"widget\" data-widget_type=\"cs_title.default\">\n\t\t\t\t<div class=\"elementor-widget-container\">\n\t\t\t\n        <div class=\"cs-title-wrap text-center\">\t            <div class=\"cs-subtitle-wrap\"><span class=\"cs-subtitle\">Consultas generales<\/span><\/div>\t            <h6 class=\"cs-title\">\n\t                Informaci\u00f3n\t            <\/h6>\t            <div class=\"cs-title-text\">\n\t                <p><span class=\"list-content\">Direcci\u00f3n: Avda Montaltmar 1,<br \/>08394 St. Vicen\u00e7 de Montalt<br \/>Barcelona- Espanya<br \/><\/span>Tel\u00e9fono: <a href=\"tel:+34937911017\" data-wplink-edit=\"true\">+34 93 791 10 17<\/a><br \/>Email: <a href=\"mailto:info@montaltmar.com\">info@montaltmar.com<\/a><br \/>Instagram: <a href=\"https:\/\/www.instagram.com\/hotelmontaltmar\/\" target=\"_blank\" rel=\"noopener\">@hotelmontaltmar<\/a><br \/>Reservas: <strong><a href=\"https:\/\/www.booking.com\/hotel\/es\/montaltmar.html?lang=es;aid=330843\" target=\"_blank\" rel=\"noopener\">Reserva ahora<\/a><\/strong><\/p>\t            <\/div>                <div class=\"cs-title-btn\">\n                    <a class=\"button elementor-button-link cs-btn-underline\" role=\"button\" href=\"https:\/\/goo.gl\/maps\/drnQbxQzYaFb9NNHA\" target=\"_blank\">\n                        <span class=\"cs-btn-text\">Ir<\/span>                    <\/a>\n                <\/div>\n                    <\/div>\t\t<\/div>\n\t\t\t\t<\/div>\n\t\t\t\t\t<\/div>\n\t\t<\/div>\n\t\t\t\t<div class=\"elementor-column elementor-col-50 elementor-top-column elementor-element elementor-element-f0d8fae\" data-id=\"f0d8fae\" data-element_type=\"column\">\n\t\t\t<div class=\"elementor-widget-wrap elementor-element-populated\">\n\t\t\t\t\t\t<div class=\"elementor-element elementor-element-4b1f704 elementor-widget elementor-widget-html\" data-id=\"4b1f704\" data-element_type=\"widget\" data-widget_type=\"html.default\">\n\t\t\t\t<div class=\"elementor-widget-container\">\n\t\t\t<iframe src=\"https:\/\/www.google.com\/maps\/embed?pb=!1m18!1m12!1m3!1d2984.49991866931!2d2.5017238766016483!3d41.58006658402087!2m3!1f0!2f0!3f0!3m2!1i1024!2i768!4f13.1!3m3!1m2!1s0x12bb3583f27fd0c3%3A0x446dc360f7000a0b!2sAv.%20de%20Montaltmar%2C%201%2C%2008394%20Sant%20Vicen%C3%A7%20de%20Montalt%2C%20Barcelona!5e0!3m2!1ses!2ses!4v1693818542496!5m2!1ses!2ses\" width=\"100%\" height=\"400\" style=\"border:0;\" allowfullscreen=\"\" loading=\"lazy\" referrerpolicy=\"no-referrer-when-downgrade\"><\/iframe>\t\t<\/div>\n\t\t\t\t<\/div>\n\t\t\t\t\t<\/div>\n\t\t<\/div>\n\t\t\t\t\t<\/div>\n\t\t<\/section>\n\t\t\t\t<section class=\"elementor-section elementor-top-section elementor-element elementor-element-6184b1f elementor-section-full_width elementor-section-height-min-height cs-animation-small-offset elementor-section-height-default elementor-section-items-middle elementor-invisible\" data-id=\"6184b1f\" data-element_type=\"section\" data-settings=\"{&quot;background_background&quot;:&quot;classic&quot;,&quot;animation&quot;:&quot;fadeInUp&quot;,&quot;animation_delay&quot;:150}\">\n\t\t\t\t\t\t\t<div class=\"elementor-background-overlay\"><\/div>\n\t\t\t\t\t\t\t<div class=\"elementor-container elementor-column-gap-no\">\n\t\t\t\t\t<div class=\"elementor-column elementor-col-100 elementor-top-column elementor-element elementor-element-33907c8\" data-id=\"33907c8\" data-element_type=\"column\">\n\t\t\t<div class=\"elementor-widget-wrap\">\n\t\t\t\t\t\t\t<\/div>\n\t\t<\/div>\n\t\t\t\t\t<\/div>\n\t\t<\/section>\n\t\t\t\t<\/div>\n\t\t","protected":false},"excerpt":{"rendered":"<p>Contacto Para consultas, ll\u00e1manos o escr\u00edbenos. Contacta con nosotros Estamos aqu\u00ed para resolver todas tus preguntas y peticiones. Consultas generales Informaci\u00f3n Direcci\u00f3n: Avda Montaltmar 1,08394 St. Vicen\u00e7 de MontaltBarcelona- EspanyaTel\u00e9fono: +34 93 791 10 17Email: info@montaltmar.comInstagram: @hotelmontaltmarReservas: Reserva ahora Ir<\/p>\n","protected":false},"author":1,"featured_media":0,"parent":0,"menu_order":0,"comment_status":"closed","ping_status":"closed","template":"template-wide-content.php","meta":{"cozystay_single_page_hide_site_header":"","cozystay_single_page_site_header_source":"","cozystay_single_page_custom_site_header":"0","cozystay_single_page_custom_sticky_site_header":"0","cozystay_single_page_hide_page_title":"on","cozystay_single_page_header_section_size":"","cozystay_single_page_header_background_color":"","cozystay_single_page_header_background_position_x":"center","cozystay_single_page_header_background_position_y":"center","cozystay_single_page_header_background_size":"cover","cozystay_single_page_header_background_repeat":"off","cozystay_single_page_header_background_scroll":"on","cozystay_single_page_header_text_color":"","cozystay_single_page_header_show_breadcrumb":"","cozystay_single_page_site_footer_hide_main":"","cozystay_single_custom_site_footer_main_source":"","cozystay_single_custom_site_footer_main":"0","cozystay_single_page_site_footer_hide_above":"","cozystay_single_custom_site_footer_above_source":"","cozystay_single_custom_site_footer_above":"0","cozystay_single_page_site_footer_hide_instagram":"","cozystay_single_page_site_footer_hide_bottom":"","cozystay_single_custom_mobile_menu_source":"","cozystay_single_custom_mobile_menu":"0","cozystay_single_custom_mobile_menu_animation":"","cozystay_single_custom_mobile_menu_width":"","cozystay_single_custom_mobile_menu_custom_width":375,"footnotes":""},"class_list":["post-3272","page","type-page","status-publish","hentry"],"yoast_head":"<!-- This site is optimized with the Yoast SEO plugin v23.4 - https:\/\/yoast.com\/wordpress\/plugins\/seo\/ -->\n<title>Contacto - Hotel - Restaurant Montaltmar<\/title>\n<meta name=\"robots\" content=\"index, follow, max-snippet:-1, max-image-preview:large, max-video-preview:-1\" \/>\n<link rel=\"canonical\" href=\"https:\/\/montaltmar.com\/es\/contacto\/\" \/>\n<meta property=\"og:locale\" content=\"es_ES\" \/>\n<meta property=\"og:type\" content=\"article\" \/>\n<meta property=\"og:title\" content=\"Contacto - Hotel - Restaurant Montaltmar\" \/>\n<meta property=\"og:description\" content=\"Contacto Para consultas, ll\u00e1manos o escr\u00edbenos. Contacta con nosotros Estamos aqu\u00ed para resolver todas tus preguntas y peticiones. Consultas generales Informaci\u00f3n Direcci\u00f3n: Avda Montaltmar 1,08394 St. Vicen\u00e7 de MontaltBarcelona- EspanyaTel\u00e9fono: +34 93 791 10 17Email: info@montaltmar.comInstagram: @hotelmontaltmarReservas: Reserva ahora Ir\" \/>\n<meta property=\"og:url\" content=\"https:\/\/montaltmar.com\/es\/contacto\/\" \/>\n<meta property=\"og:site_name\" content=\"Hotel - Restaurant Montaltmar\" \/>\n<meta property=\"article:modified_time\" content=\"2023-09-15T06:05:33+00:00\" \/>\n<meta name=\"twitter:card\" content=\"summary_large_image\" \/>\n<meta name=\"twitter:label1\" content=\"Tiempo de lectura\" \/>\n\t<meta name=\"twitter:data1\" content=\"1 minuto\" \/>\n<script type=\"application\/ld+json\" class=\"yoast-schema-graph\">{\"@context\":\"https:\/\/schema.org\",\"@graph\":[{\"@type\":\"WebPage\",\"@id\":\"https:\/\/montaltmar.com\/es\/contacto\/\",\"url\":\"https:\/\/montaltmar.com\/es\/contacto\/\",\"name\":\"Contacto - Hotel - Restaurant Montaltmar\",\"isPartOf\":{\"@id\":\"https:\/\/montaltmar.com\/es\/#website\"},\"datePublished\":\"2023-04-24T02:44:41+00:00\",\"dateModified\":\"2023-09-15T06:05:33+00:00\",\"breadcrumb\":{\"@id\":\"https:\/\/montaltmar.com\/es\/contacto\/#breadcrumb\"},\"inLanguage\":\"es\",\"potentialAction\":[{\"@type\":\"ReadAction\",\"target\":[\"https:\/\/montaltmar.com\/es\/contacto\/\"]}]},{\"@type\":\"BreadcrumbList\",\"@id\":\"https:\/\/montaltmar.com\/es\/contacto\/#breadcrumb\",\"itemListElement\":[{\"@type\":\"ListItem\",\"position\":1,\"name\":\"Portada\",\"item\":\"https:\/\/montaltmar.com\/es\/\"},{\"@type\":\"ListItem\",\"position\":2,\"name\":\"Contacto\"}]},{\"@type\":\"WebSite\",\"@id\":\"https:\/\/montaltmar.com\/es\/#website\",\"url\":\"https:\/\/montaltmar.com\/es\/\",\"name\":\"Hotel - Restaurant Montaltmar\",\"description\":\"\",\"publisher\":{\"@id\":\"https:\/\/montaltmar.com\/es\/#organization\"},\"potentialAction\":[{\"@type\":\"SearchAction\",\"target\":{\"@type\":\"EntryPoint\",\"urlTemplate\":\"https:\/\/montaltmar.com\/es\/?s={search_term_string}\"},\"query-input\":{\"@type\":\"PropertyValueSpecification\",\"valueRequired\":true,\"valueName\":\"search_term_string\"}}],\"inLanguage\":\"es\"},{\"@type\":\"Organization\",\"@id\":\"https:\/\/montaltmar.com\/es\/#organization\",\"name\":\"Hotel - Restaurant Montaltmar\",\"url\":\"https:\/\/montaltmar.com\/es\/\",\"logo\":{\"@type\":\"ImageObject\",\"inLanguage\":\"es\",\"@id\":\"https:\/\/montaltmar.com\/es\/#\/schema\/logo\/image\/\",\"url\":\"https:\/\/montaltmar.com\/wp-content\/uploads\/2023\/08\/logo-1.png\",\"contentUrl\":\"https:\/\/montaltmar.com\/wp-content\/uploads\/2023\/08\/logo-1.png\",\"width\":315,\"height\":67,\"caption\":\"Hotel - Restaurant Montaltmar\"},\"image\":{\"@id\":\"https:\/\/montaltmar.com\/es\/#\/schema\/logo\/image\/\"}}]}<\/script>\n<!-- \/ Yoast SEO plugin. -->","yoast_head_json":{"title":"Contacto - Hotel - Restaurant Montaltmar","robots":{"index":"index","follow":"follow","max-snippet":"max-snippet:-1","max-image-preview":"max-image-preview:large","max-video-preview":"max-video-preview:-1"},"canonical":"https:\/\/montaltmar.com\/es\/contacto\/","og_locale":"es_ES","og_type":"article","og_title":"Contacto - Hotel - Restaurant Montaltmar","og_description":"Contacto Para consultas, ll\u00e1manos o escr\u00edbenos. Contacta con nosotros Estamos aqu\u00ed para resolver todas tus preguntas y peticiones. Consultas generales Informaci\u00f3n Direcci\u00f3n: Avda Montaltmar 1,08394 St. Vicen\u00e7 de MontaltBarcelona- EspanyaTel\u00e9fono: +34 93 791 10 17Email: info@montaltmar.comInstagram: @hotelmontaltmarReservas: Reserva ahora Ir","og_url":"https:\/\/montaltmar.com\/es\/contacto\/","og_site_name":"Hotel - Restaurant Montaltmar","article_modified_time":"2023-09-15T06:05:33+00:00","twitter_card":"summary_large_image","twitter_misc":{"Tiempo de lectura":"1 minuto"},"schema":{"@context":"https:\/\/schema.org","@graph":[{"@type":"WebPage","@id":"https:\/\/montaltmar.com\/es\/contacto\/","url":"https:\/\/montaltmar.com\/es\/contacto\/","name":"Contacto - Hotel - Restaurant Montaltmar","isPartOf":{"@id":"https:\/\/montaltmar.com\/es\/#website"},"datePublished":"2023-04-24T02:44:41+00:00","dateModified":"2023-09-15T06:05:33+00:00","breadcrumb":{"@id":"https:\/\/montaltmar.com\/es\/contacto\/#breadcrumb"},"inLanguage":"es","potentialAction":[{"@type":"ReadAction","target":["https:\/\/montaltmar.com\/es\/contacto\/"]}]},{"@type":"BreadcrumbList","@id":"https:\/\/montaltmar.com\/es\/contacto\/#breadcrumb","itemListElement":[{"@type":"ListItem","position":1,"name":"Portada","item":"https:\/\/montaltmar.com\/es\/"},{"@type":"ListItem","position":2,"name":"Contacto"}]},{"@type":"WebSite","@id":"https:\/\/montaltmar.com\/es\/#website","url":"https:\/\/montaltmar.com\/es\/","name":"Hotel - Restaurant Montaltmar","description":"","publisher":{"@id":"https:\/\/montaltmar.com\/es\/#organization"},"potentialAction":[{"@type":"SearchAction","target":{"@type":"EntryPoint","urlTemplate":"https:\/\/montaltmar.com\/es\/?s={search_term_string}"},"query-input":{"@type":"PropertyValueSpecification","valueRequired":true,"valueName":"search_term_string"}}],"inLanguage":"es"},{"@type":"Organization","@id":"https:\/\/montaltmar.com\/es\/#organization","name":"Hotel - Restaurant Montaltmar","url":"https:\/\/montaltmar.com\/es\/","logo":{"@type":"ImageObject","inLanguage":"es","@id":"https:\/\/montaltmar.com\/es\/#\/schema\/logo\/image\/","url":"https:\/\/montaltmar.com\/wp-content\/uploads\/2023\/08\/logo-1.png","contentUrl":"https:\/\/montaltmar.com\/wp-content\/uploads\/2023\/08\/logo-1.png","width":315,"height":67,"caption":"Hotel - Restaurant Montaltmar"},"image":{"@id":"https:\/\/montaltmar.com\/es\/#\/schema\/logo\/image\/"}}]}},"_links":{"self":[{"href":"https:\/\/montaltmar.com\/es\/wp-json\/wp\/v2\/pages\/3272","targetHints":{"allow":["GET"]}}],"collection":[{"href":"https:\/\/montaltmar.com\/es\/wp-json\/wp\/v2\/pages"}],"about":[{"href":"https:\/\/montaltmar.com\/es\/wp-json\/wp\/v2\/types\/page"}],"author":[{"embeddable":true,"href":"https:\/\/montaltmar.com\/es\/wp-json\/wp\/v2\/users\/1"}],"replies":[{"embeddable":true,"href":"https:\/\/montaltmar.com\/es\/wp-json\/wp\/v2\/comments?post=3272"}],"version-history":[{"count":25,"href":"https:\/\/montaltmar.com\/es\/wp-json\/wp\/v2\/pages\/3272\/revisions"}],"predecessor-version":[{"id":3970,"href":"https:\/\/montaltmar.com\/es\/wp-json\/wp\/v2\/pages\/3272\/revisions\/3970"}],"wp:attachment":[{"href":"https:\/\/montaltmar.com\/es\/wp-json\/wp\/v2\/media?parent=3272"}],"curies":[{"name":"wp","href":"https:\/\/api.w.org\/{rel}","templated":true}]}}