{"id":3485,"date":"2023-09-05T14:21:12","date_gmt":"2023-09-05T12:21:12","guid":{"rendered":"https:\/\/montaltmar.com\/packs-regalo\/"},"modified":"2025-02-28T07:44:39","modified_gmt":"2025-02-28T06:44:39","slug":"packs-regalo","status":"publish","type":"page","link":"https:\/\/montaltmar.com\/es\/packs-regalo\/","title":{"rendered":"Packs regalo"},"content":{"rendered":"\t\t<div data-elementor-type=\"wp-page\" data-elementor-id=\"3485\" class=\"elementor elementor-3485 elementor-2779\" data-elementor-post-type=\"page\">\n\t\t\t\t\t\t<section class=\"elementor-section elementor-top-section elementor-element elementor-element-7f096f39 elementor-section-height-min-height cs-section-content-fullwidth cs-parallax-on-scroll cs_scroll_y_80 elementor-section-boxed elementor-section-height-default elementor-section-items-middle\" data-id=\"7f096f39\" data-element_type=\"section\" data-settings=\"{&quot;background_background&quot;:&quot;classic&quot;}\" data-cs-parallax-y=\"80\" style=\"background-image: none;\" data-cs-background-image=\"https:\/\/montaltmar.com\/wp-content\/uploads\/2023\/09\/MG_0918-1.jpg\">\n\t\t\t\t\t\t\t<div class=\"elementor-background-overlay\"><\/div>\n\t\t\t\t\t\t\t<div class=\"elementor-container elementor-column-gap-no\">\n\t\t\t\t\t<div class=\"elementor-column elementor-col-100 elementor-top-column elementor-element elementor-element-1fa46de6 dark-color\" data-id=\"1fa46de6\" data-element_type=\"column\">\n\t\t\t<div class=\"elementor-widget-wrap elementor-element-populated\">\n\t\t\t\t\t\t<div class=\"elementor-element elementor-element-7e46a868 elementor-widget elementor-widget-cs_title\" data-id=\"7e46a868\" data-element_type=\"widget\" data-widget_type=\"cs_title.default\">\n\t\t\t\t<div class=\"elementor-widget-container\">\n\t\t\t\n        <div class=\"cs-title-wrap text-center\">\t            <h1 class=\"cs-title\">\n\t                Packs regalO\t            <\/h1>\t            <div class=\"cs-title-text\">\n\t                <p>Disfruta de tu estancia con nuestros packs<\/p>\t            <\/div>        <\/div>\t\t<\/div>\n\t\t\t\t<\/div>\n\t\t\t\t\t<\/div>\n\t\t<\/div>\n\t\t\t\t\t<\/div>\n\t\t<\/section>\n\t\t\t\t<section class=\"elementor-section elementor-top-section elementor-element elementor-element-0bf0454 elementor-section-content-middle elementor-section-boxed elementor-section-height-default elementor-section-height-default\" data-id=\"0bf0454\" data-element_type=\"section\" data-settings=\"{&quot;background_background&quot;:&quot;classic&quot;}\">\n\t\t\t\t\t\t<div class=\"elementor-container elementor-column-gap-no\">\n\t\t\t\t\t<div class=\"elementor-column elementor-col-100 elementor-top-column elementor-element elementor-element-cf4b1ab\" data-id=\"cf4b1ab\" data-element_type=\"column\">\n\t\t\t<div class=\"elementor-widget-wrap elementor-element-populated\">\n\t\t\t\t\t\t<div class=\"elementor-element elementor-element-a2499e7 elementor-widget elementor-widget-cs_title\" data-id=\"a2499e7\" data-element_type=\"widget\" data-widget_type=\"cs_title.default\">\n\t\t\t\t<div class=\"elementor-widget-container\">\n\t\t\t\n        <div class=\"cs-title-wrap text-center\">\t            <div class=\"cs-subtitle-wrap\"><span class=\"cs-subtitle\">Celebra momentos especiales con nuestros exclusivos packs regalo.<\/span><\/div>\t            <h3 class=\"cs-title\">\n\t                Packs Regalo: Sorpresas Inolvidables\t            <\/h3>\t            <div class=\"cs-title-text\">\n\t                <p>En Hotel Montaltmar sabemos que los detalles hacen la diferencia. Nuestros packs regalo son la forma perfecta de celebrar ocasiones especiales. Desde escapadas rom\u00e1nticas hasta experiencias gastron\u00f3micas, nuestros packs personalizables son la clave para crear recuerdos inolvidables<\/p>\t            <\/div>        <\/div>\t\t<\/div>\n\t\t\t\t<\/div>\n\t\t\t\t\t<\/div>\n\t\t<\/div>\n\t\t\t\t\t<\/div>\n\t\t<\/section>\n\t\t\t\t<section class=\"elementor-section elementor-top-section elementor-element elementor-element-9032202 elementor-section-content-middle elementor-section-boxed elementor-section-height-default elementor-section-height-default\" data-id=\"9032202\" data-element_type=\"section\">\n\t\t\t\t\t\t<div class=\"elementor-container elementor-column-gap-no\">\n\t\t\t\t\t<div class=\"elementor-column elementor-col-50 elementor-top-column elementor-element elementor-element-e40f675 animated-fast cs-animation-small-offset elementor-invisible\" data-id=\"e40f675\" data-element_type=\"column\" data-settings=\"{&quot;animation&quot;:&quot;fadeInLeft&quot;}\">\n\t\t\t<div class=\"elementor-widget-wrap elementor-element-populated\">\n\t\t\t\t\t\t<div class=\"elementor-element elementor-element-5f66e08 elementor-widget elementor-widget-cs_call_to_action\" data-id=\"5f66e08\" data-element_type=\"widget\" data-settings=\"{&quot;overlay_background&quot;:&quot;gradient&quot;}\" data-widget_type=\"cs_call_to_action.default\">\n\t\t\t\t<div class=\"elementor-widget-container\">\n\t\t\t\n\t\t<div class=\"cs-cta cta-layout-text-overlap content-bottom with-inner-border dark-color text-left cta-hover-img-zoom\">\n            <div class=\"cs-cta-wrap\">\t\t               \t<div class=\"cs-cta-img\">\n\t\t                    <img fetchpriority=\"high\" decoding=\"async\" width=\"800\" height=\"1200\" src=\"https:\/\/montaltmar.com\/wp-content\/uploads\/2023\/09\/MG_0904.jpg\" class=\"attachment-full size-full wp-image-3371\" alt=\"\" srcset=\"https:\/\/montaltmar.com\/wp-content\/uploads\/2023\/09\/MG_0904.jpg 800w, https:\/\/montaltmar.com\/wp-content\/uploads\/2023\/09\/MG_0904-200x300.jpg 200w, https:\/\/montaltmar.com\/wp-content\/uploads\/2023\/09\/MG_0904-683x1024.jpg 683w, https:\/\/montaltmar.com\/wp-content\/uploads\/2023\/09\/MG_0904-768x1152.jpg 768w, https:\/\/montaltmar.com\/wp-content\/uploads\/2023\/09\/MG_0904-780x1170.jpg 780w, https:\/\/montaltmar.com\/wp-content\/uploads\/2023\/09\/MG_0904-600x900.jpg 600w, https:\/\/montaltmar.com\/wp-content\/uploads\/2023\/09\/MG_0904-550x825.jpg 550w, https:\/\/montaltmar.com\/wp-content\/uploads\/2023\/09\/MG_0904-370x555.jpg 370w, https:\/\/montaltmar.com\/wp-content\/uploads\/2023\/09\/MG_0904-255x383.jpg 255w\" sizes=\"(max-width: 800px) 100vw, 800px\" \/>\t\t                <\/div>                <div class=\"cs-cta-overlay\"><\/div>\n                <div class=\"cs-cta-content\">\t\t            <h5 class=\"cs-cta-title cs-title\">\n\t\t                Pack rom\u00e1ntico\t\t            <\/h5>\t\t\t<\/div>            <\/div>\n        <\/div>\t\t<\/div>\n\t\t\t\t<\/div>\n\t\t\t\t\t<\/div>\n\t\t<\/div>\n\t\t\t\t<div class=\"elementor-column elementor-col-50 elementor-top-column elementor-element elementor-element-6395326 animated-fast cs-animation-small-offset elementor-invisible\" data-id=\"6395326\" data-element_type=\"column\" data-settings=\"{&quot;animation&quot;:&quot;fadeInRight&quot;}\">\n\t\t\t<div class=\"elementor-widget-wrap elementor-element-populated\">\n\t\t\t\t\t\t<div class=\"elementor-element elementor-element-0d4811d elementor-widget elementor-widget-cs_title\" data-id=\"0d4811d\" data-element_type=\"widget\" data-widget_type=\"cs_title.default\">\n\t\t\t\t<div class=\"elementor-widget-container\">\n\t\t\t\n        <div class=\"cs-title-wrap\">\t            <div class=\"cs-subtitle-wrap\"><span class=\"cs-subtitle\">Nuestros packs<\/span><\/div>\t            <h4 class=\"cs-title\">\n\t                ESCAPADA ROM\u00c1NTICA EN MONTALTMAR\t            <\/h4>\t            <div class=\"cs-title-text\">\n\t                <p>Por 325 Euros la noche de hotel por pareja, disfrutar\u00e1s de una cena exquisita (confirmar seg\u00fan horario del restaurante), una suite con jacuzzi triangular ambientada con toques rom\u00e1nticos, una cata de chocolate y cava de bienvenida&#8230; y desayuno del d\u00eda siguiente.<\/p>\t            <\/div>        <\/div>\t\t<\/div>\n\t\t\t\t<\/div>\n\t\t\t\t<div class=\"elementor-element elementor-element-8b439c1 elementor-widget elementor-widget-cs_list\" data-id=\"8b439c1\" data-element_type=\"widget\" data-widget_type=\"cs_list.default\">\n\t\t\t\t<div class=\"elementor-widget-container\">\n\t\t\t\n            <ul class=\"cs-list cs-list-type-unordered\">                <li>                        <span class=\"list-icon color-primary\">\n                            <i aria-hidden=\"true\" class=\"fas fa-plus\"><\/i>                        <\/span>                    <span class=\"list-content\">Para reservas e informaci\u00f3n contactar con nosotros<\/span>                <\/li>                <li>                        <span class=\"list-icon color-primary\">\n                            <i aria-hidden=\"true\" class=\"fas fa-plus\"><\/i>                        <\/span>                    <span class=\"list-content\">En la cena (bebidas no incluidas en el precio)<\/span>                <\/li>            <\/ul>\t\t<\/div>\n\t\t\t\t<\/div>\n\t\t\t\t<div class=\"elementor-element elementor-element-a9e115e elementor-widget elementor-widget-cs_button\" data-id=\"a9e115e\" data-element_type=\"widget\" data-widget_type=\"cs_button.default\">\n\t\t\t\t<div class=\"elementor-widget-container\">\n\t\t\t        <a href=\"https:\/\/montaltmar.com\/es\/contacto\/\" class=\"elementor-button-link button cs-btn-outline\" role=\"button\">\n            <span class=\"cs-btn-text\">Contactar<\/span>        <\/a>\t\t<\/div>\n\t\t\t\t<\/div>\n\t\t\t\t\t<\/div>\n\t\t<\/div>\n\t\t\t\t\t<\/div>\n\t\t<\/section>\n\t\t\t\t<\/div>\n\t\t","protected":false},"excerpt":{"rendered":"<p>Packs regalO Disfruta de tu estancia con nuestros packs Celebra momentos especiales con nuestros exclusivos packs regalo. Packs Regalo: Sorpresas Inolvidables En Hotel Montaltmar sabemos que los detalles hacen la diferencia. Nuestros packs regalo son la forma perfecta de celebrar ocasiones especiales. Desde escapadas rom\u00e1nticas hasta experiencias gastron\u00f3micas, nuestros packs personalizables son la clave para &#8230;<\/p>\n","protected":false},"author":1,"featured_media":0,"parent":0,"menu_order":0,"comment_status":"closed","ping_status":"closed","template":"template-wide-content.php","meta":{"cozystay_single_page_hide_site_header":"","cozystay_single_page_site_header_source":"","cozystay_single_page_custom_site_header":"0","cozystay_single_page_custom_sticky_site_header":"0","cozystay_single_page_hide_page_title":"on","cozystay_single_page_header_section_size":"","cozystay_single_page_header_background_color":"","cozystay_single_page_header_background_position_x":"center","cozystay_single_page_header_background_position_y":"center","cozystay_single_page_header_background_size":"cover","cozystay_single_page_header_background_repeat":"off","cozystay_single_page_header_background_scroll":"on","cozystay_single_page_header_text_color":"","cozystay_single_page_header_show_breadcrumb":"","cozystay_single_page_site_footer_hide_main":"","cozystay_single_custom_site_footer_main_source":"","cozystay_single_custom_site_footer_main":"0","cozystay_single_page_site_footer_hide_above":"","cozystay_single_custom_site_footer_above_source":"","cozystay_single_custom_site_footer_above":"0","cozystay_single_page_site_footer_hide_instagram":"","cozystay_single_page_site_footer_hide_bottom":"","cozystay_single_custom_mobile_menu_source":"","cozystay_single_custom_mobile_menu":"0","cozystay_single_custom_mobile_menu_animation":"","cozystay_single_custom_mobile_menu_width":"","cozystay_single_custom_mobile_menu_custom_width":375,"footnotes":""},"class_list":["post-3485","page","type-page","status-publish","hentry"],"yoast_head":"<!-- This site is optimized with the Yoast SEO plugin v23.4 - https:\/\/yoast.com\/wordpress\/plugins\/seo\/ -->\n<title>Packs regalo - Hotel - Restaurant Montaltmar<\/title>\n<meta name=\"robots\" content=\"index, follow, max-snippet:-1, max-image-preview:large, max-video-preview:-1\" \/>\n<link rel=\"canonical\" href=\"https:\/\/montaltmar.com\/es\/packs-regalo\/\" \/>\n<meta property=\"og:locale\" content=\"es_ES\" \/>\n<meta property=\"og:type\" content=\"article\" \/>\n<meta property=\"og:title\" content=\"Packs regalo - Hotel - Restaurant Montaltmar\" \/>\n<meta property=\"og:description\" content=\"Packs regalO Disfruta de tu estancia con nuestros packs Celebra momentos especiales con nuestros exclusivos packs regalo. Packs Regalo: Sorpresas Inolvidables En Hotel Montaltmar sabemos que los detalles hacen la diferencia. Nuestros packs regalo son la forma perfecta de celebrar ocasiones especiales. Desde escapadas rom\u00e1nticas hasta experiencias gastron\u00f3micas, nuestros packs personalizables son la clave para ...\" \/>\n<meta property=\"og:url\" content=\"https:\/\/montaltmar.com\/es\/packs-regalo\/\" \/>\n<meta property=\"og:site_name\" content=\"Hotel - Restaurant Montaltmar\" \/>\n<meta property=\"article:modified_time\" content=\"2025-02-28T06:44:39+00:00\" \/>\n<meta property=\"og:image\" content=\"https:\/\/montaltmar.com\/wp-content\/uploads\/2023\/09\/MG_0904.jpg\" \/>\n<meta name=\"twitter:card\" content=\"summary_large_image\" \/>\n<meta name=\"twitter:label1\" content=\"Tiempo de lectura\" \/>\n\t<meta name=\"twitter:data1\" content=\"1 minuto\" \/>\n<script type=\"application\/ld+json\" class=\"yoast-schema-graph\">{\"@context\":\"https:\/\/schema.org\",\"@graph\":[{\"@type\":\"WebPage\",\"@id\":\"https:\/\/montaltmar.com\/es\/packs-regalo\/\",\"url\":\"https:\/\/montaltmar.com\/es\/packs-regalo\/\",\"name\":\"Packs regalo - Hotel - Restaurant Montaltmar\",\"isPartOf\":{\"@id\":\"https:\/\/montaltmar.com\/es\/#website\"},\"primaryImageOfPage\":{\"@id\":\"https:\/\/montaltmar.com\/es\/packs-regalo\/#primaryimage\"},\"image\":{\"@id\":\"https:\/\/montaltmar.com\/es\/packs-regalo\/#primaryimage\"},\"thumbnailUrl\":\"https:\/\/montaltmar.com\/wp-content\/uploads\/2023\/09\/MG_0904.jpg\",\"datePublished\":\"2023-09-05T12:21:12+00:00\",\"dateModified\":\"2025-02-28T06:44:39+00:00\",\"breadcrumb\":{\"@id\":\"https:\/\/montaltmar.com\/es\/packs-regalo\/#breadcrumb\"},\"inLanguage\":\"es\",\"potentialAction\":[{\"@type\":\"ReadAction\",\"target\":[\"https:\/\/montaltmar.com\/es\/packs-regalo\/\"]}]},{\"@type\":\"ImageObject\",\"inLanguage\":\"es\",\"@id\":\"https:\/\/montaltmar.com\/es\/packs-regalo\/#primaryimage\",\"url\":\"https:\/\/montaltmar.com\/wp-content\/uploads\/2023\/09\/MG_0904.jpg\",\"contentUrl\":\"https:\/\/montaltmar.com\/wp-content\/uploads\/2023\/09\/MG_0904.jpg\"},{\"@type\":\"BreadcrumbList\",\"@id\":\"https:\/\/montaltmar.com\/es\/packs-regalo\/#breadcrumb\",\"itemListElement\":[{\"@type\":\"ListItem\",\"position\":1,\"name\":\"Portada\",\"item\":\"https:\/\/montaltmar.com\/es\/\"},{\"@type\":\"ListItem\",\"position\":2,\"name\":\"Packs regalo\"}]},{\"@type\":\"WebSite\",\"@id\":\"https:\/\/montaltmar.com\/es\/#website\",\"url\":\"https:\/\/montaltmar.com\/es\/\",\"name\":\"Hotel - Restaurant Montaltmar\",\"description\":\"\",\"publisher\":{\"@id\":\"https:\/\/montaltmar.com\/es\/#organization\"},\"potentialAction\":[{\"@type\":\"SearchAction\",\"target\":{\"@type\":\"EntryPoint\",\"urlTemplate\":\"https:\/\/montaltmar.com\/es\/?s={search_term_string}\"},\"query-input\":{\"@type\":\"PropertyValueSpecification\",\"valueRequired\":true,\"valueName\":\"search_term_string\"}}],\"inLanguage\":\"es\"},{\"@type\":\"Organization\",\"@id\":\"https:\/\/montaltmar.com\/es\/#organization\",\"name\":\"Hotel - Restaurant Montaltmar\",\"url\":\"https:\/\/montaltmar.com\/es\/\",\"logo\":{\"@type\":\"ImageObject\",\"inLanguage\":\"es\",\"@id\":\"https:\/\/montaltmar.com\/es\/#\/schema\/logo\/image\/\",\"url\":\"https:\/\/montaltmar.com\/wp-content\/uploads\/2023\/08\/logo-1.png\",\"contentUrl\":\"https:\/\/montaltmar.com\/wp-content\/uploads\/2023\/08\/logo-1.png\",\"width\":315,\"height\":67,\"caption\":\"Hotel - Restaurant Montaltmar\"},\"image\":{\"@id\":\"https:\/\/montaltmar.com\/es\/#\/schema\/logo\/image\/\"}}]}<\/script>\n<!-- \/ Yoast SEO plugin. -->","yoast_head_json":{"title":"Packs regalo - Hotel - Restaurant Montaltmar","robots":{"index":"index","follow":"follow","max-snippet":"max-snippet:-1","max-image-preview":"max-image-preview:large","max-video-preview":"max-video-preview:-1"},"canonical":"https:\/\/montaltmar.com\/es\/packs-regalo\/","og_locale":"es_ES","og_type":"article","og_title":"Packs regalo - Hotel - Restaurant Montaltmar","og_description":"Packs regalO Disfruta de tu estancia con nuestros packs Celebra momentos especiales con nuestros exclusivos packs regalo. Packs Regalo: Sorpresas Inolvidables En Hotel Montaltmar sabemos que los detalles hacen la diferencia. Nuestros packs regalo son la forma perfecta de celebrar ocasiones especiales. Desde escapadas rom\u00e1nticas hasta experiencias gastron\u00f3micas, nuestros packs personalizables son la clave para ...","og_url":"https:\/\/montaltmar.com\/es\/packs-regalo\/","og_site_name":"Hotel - Restaurant Montaltmar","article_modified_time":"2025-02-28T06:44:39+00:00","og_image":[{"url":"https:\/\/montaltmar.com\/wp-content\/uploads\/2023\/09\/MG_0904.jpg"}],"twitter_card":"summary_large_image","twitter_misc":{"Tiempo de lectura":"1 minuto"},"schema":{"@context":"https:\/\/schema.org","@graph":[{"@type":"WebPage","@id":"https:\/\/montaltmar.com\/es\/packs-regalo\/","url":"https:\/\/montaltmar.com\/es\/packs-regalo\/","name":"Packs regalo - Hotel - Restaurant Montaltmar","isPartOf":{"@id":"https:\/\/montaltmar.com\/es\/#website"},"primaryImageOfPage":{"@id":"https:\/\/montaltmar.com\/es\/packs-regalo\/#primaryimage"},"image":{"@id":"https:\/\/montaltmar.com\/es\/packs-regalo\/#primaryimage"},"thumbnailUrl":"https:\/\/montaltmar.com\/wp-content\/uploads\/2023\/09\/MG_0904.jpg","datePublished":"2023-09-05T12:21:12+00:00","dateModified":"2025-02-28T06:44:39+00:00","breadcrumb":{"@id":"https:\/\/montaltmar.com\/es\/packs-regalo\/#breadcrumb"},"inLanguage":"es","potentialAction":[{"@type":"ReadAction","target":["https:\/\/montaltmar.com\/es\/packs-regalo\/"]}]},{"@type":"ImageObject","inLanguage":"es","@id":"https:\/\/montaltmar.com\/es\/packs-regalo\/#primaryimage","url":"https:\/\/montaltmar.com\/wp-content\/uploads\/2023\/09\/MG_0904.jpg","contentUrl":"https:\/\/montaltmar.com\/wp-content\/uploads\/2023\/09\/MG_0904.jpg"},{"@type":"BreadcrumbList","@id":"https:\/\/montaltmar.com\/es\/packs-regalo\/#breadcrumb","itemListElement":[{"@type":"ListItem","position":1,"name":"Portada","item":"https:\/\/montaltmar.com\/es\/"},{"@type":"ListItem","position":2,"name":"Packs regalo"}]},{"@type":"WebSite","@id":"https:\/\/montaltmar.com\/es\/#website","url":"https:\/\/montaltmar.com\/es\/","name":"Hotel - Restaurant Montaltmar","description":"","publisher":{"@id":"https:\/\/montaltmar.com\/es\/#organization"},"potentialAction":[{"@type":"SearchAction","target":{"@type":"EntryPoint","urlTemplate":"https:\/\/montaltmar.com\/es\/?s={search_term_string}"},"query-input":{"@type":"PropertyValueSpecification","valueRequired":true,"valueName":"search_term_string"}}],"inLanguage":"es"},{"@type":"Organization","@id":"https:\/\/montaltmar.com\/es\/#organization","name":"Hotel - Restaurant Montaltmar","url":"https:\/\/montaltmar.com\/es\/","logo":{"@type":"ImageObject","inLanguage":"es","@id":"https:\/\/montaltmar.com\/es\/#\/schema\/logo\/image\/","url":"https:\/\/montaltmar.com\/wp-content\/uploads\/2023\/08\/logo-1.png","contentUrl":"https:\/\/montaltmar.com\/wp-content\/uploads\/2023\/08\/logo-1.png","width":315,"height":67,"caption":"Hotel - Restaurant Montaltmar"},"image":{"@id":"https:\/\/montaltmar.com\/es\/#\/schema\/logo\/image\/"}}]}},"_links":{"self":[{"href":"https:\/\/montaltmar.com\/es\/wp-json\/wp\/v2\/pages\/3485","targetHints":{"allow":["GET"]}}],"collection":[{"href":"https:\/\/montaltmar.com\/es\/wp-json\/wp\/v2\/pages"}],"about":[{"href":"https:\/\/montaltmar.com\/es\/wp-json\/wp\/v2\/types\/page"}],"author":[{"embeddable":true,"href":"https:\/\/montaltmar.com\/es\/wp-json\/wp\/v2\/users\/1"}],"replies":[{"embeddable":true,"href":"https:\/\/montaltmar.com\/es\/wp-json\/wp\/v2\/comments?post=3485"}],"version-history":[{"count":52,"href":"https:\/\/montaltmar.com\/es\/wp-json\/wp\/v2\/pages\/3485\/revisions"}],"predecessor-version":[{"id":4371,"href":"https:\/\/montaltmar.com\/es\/wp-json\/wp\/v2\/pages\/3485\/revisions\/4371"}],"wp:attachment":[{"href":"https:\/\/montaltmar.com\/es\/wp-json\/wp\/v2\/media?parent=3485"}],"curies":[{"name":"wp","href":"https:\/\/api.w.org\/{rel}","templated":true}]}}